{"id":242,"date":"2023-04-06T14:18:30","date_gmt":"2023-04-06T14:18:30","guid":{"rendered":"http:\/\/elclickartistico.com\/?page_id=242"},"modified":"2025-01-24T18:52:43","modified_gmt":"2025-01-24T18:52:43","slug":"ninos-y-familia","status":"publish","type":"page","link":"http:\/\/elclickartistico.com\/ca\/ninos-y-familia\/","title":{"rendered":"Inf\u00e0ncia i fam\u00edlia"},"content":{"rendered":"<p><h2>Soy Toni de El Click Artistico.Estoy enamorada de la fotograf\u00eda. Constantemente fotografiando y encontrando nuevas inspiraciones. <\/h2><br>Heading<br>center<br>no-repeat;left top;;<br>auto<br><br>center<br>20px<br>20px<br>hide<br><br><img decoding=\"async\" title=\"Embarazo2 - Slide 3\" src=\"http:\/\/elclickartistico.com\/wp-content\/uploads\/2020\/12\/embarazo2.webp\" alt=\"Embarazo2 - Slide 3\" \/><br>full<br>contain<br>center center<br>hide<br><br><h1>NI\u00d1OS Y FAMILIA &#8211; El Click Art\u00edstico<\/h1>\r<br>El nostre servei <a href=\"https:\/\/www.aperturafoto.es\/cursos-fotografia\/taller-new-born\/\">fotografia<\/a> per a nens i fam\u00edlia es centra en la captaci\u00f3 de l&#039;ess\u00e8ncia i la personalitat de cada membre de la fam\u00edlia. Ens encanta treballar amb els nens a crear imatges, espont\u00e0nia i natural que capturar-la m\u00e9s feli\u00e7os i moments de diversi\u00f3. Si en el nostre estudi o a l&#039;aire lliure lloc, hem d&#039;assegurar-vos que l&#039; <a href=\"http:\/\/elclickartistico.com\/ca\/portfolio\/\">imatges<\/a> lliurem ser\u00e0 un tresor per a tota la vida. Contacta amb nosaltres per a reservar la teva sessi\u00f3 de fotos per a la fam\u00edlia.<br>hide<br><br><img decoding=\"async\" title=\"Photography3 Icon1 - Ni\u00f1os Y Familia\" src=\"http:\/\/elclickartistico.com\/wp-content\/uploads\/2020\/12\/photography3-icon1.png\" alt=\"Photography3 Icon1 - Ni\u00f1os Y Familia\" \/><br>center<br><br>40<br><br>Art\u00edstica<br>h4<br>L&#039;equip de El Clic de l&#039;Art est\u00e0 format per fot\u00f2grafs s\u00f3n altament qualificat i comprom\u00e8s per a capturar moments \u00fanics i emocionant. Us assegureu-vos de capturar l&#039;ess\u00e8ncia i la personalitat de cada un dels nostres clients en cada sessi\u00f3. \u00a1Contacta amb nosaltres per a crear junts records inoblidables i l&#039;acompanyi en el cam\u00ed!<br>top<br><img decoding=\"async\" title=\"Photography3 Services Icon1 - Ni\u00f1os Y Familia\" src=\"http:\/\/elclickartistico.com\/wp-content\/uploads\/2020\/12\/photography3-services-icon1.png\" alt=\"Photography3 Services Icon1 - Ni\u00f1os Y Familia\" \/><br><br>La bellesa<br>h4<br>El Clic del Art\u00edstica ens especialitzem en destacar la bellesa natural de cada persona en les nostres fotografies. Utilitzem les t\u00e8cniques d&#039;il\u00b7luminaci\u00f3, angles i composici\u00f3 per a crear imatges que reflecteixen el millor de tu. Confia amb nosaltres per captar la seva bellesa en la seva m\u00e0xima esplendor. \u00a1Contacta amb nosaltres per programar la seva sessi\u00f3 de fotos!<br>top<br><img decoding=\"async\" title=\"Photography3 Services Icon2 - Ni\u00f1os Y Familia\" src=\"http:\/\/elclickartistico.com\/wp-content\/uploads\/2020\/12\/photography3-services-icon2.png\" alt=\"Photography3 Services Icon2 - Ni\u00f1os Y Familia\" \/><br><br>Creativitat<br>h4<br>El Clic del Art\u00edstica estem reconeguts per la nostra creativitat i originalitat en cada sessi\u00f3 de fotos. Ens encanta experimentar amb diferents estils, escenes, i els efectes per a crear imatges \u00faniques i inoblidables. Si vost\u00e8 est\u00e0 buscant fotos fora de l&#039;habitual, la confian\u00e7a en el nostre equip de professionals per aportar la seva visi\u00f3 al seg\u00fcent nivell.<br>top<br><img decoding=\"async\" title=\"Photography3 Services Icon3 - Ni\u00f1os Y Familia\" src=\"http:\/\/elclickartistico.com\/wp-content\/uploads\/2020\/12\/photography3-services-icon3.png\" alt=\"Photography3 Services Icon3 - Ni\u00f1os Y Familia\" \/><br><br><img decoding=\"async\" title=\"Photography3 Home Pic4 - Ni\u00f1os Y Familia\" src=\"http:\/\/elclickartistico.com\/wp-content\/uploads\/2020\/12\/photography3-home-pic4.jpg\" alt=\"Photography3 Home Pic4 - Ni\u00f1os Y Familia\" \/><br>center<br><br><h3>El Click Art\u00edstico &#8211; Fot\u00f3grafos profesionales comprometidos en capturar momentos \u00fanicos y esenciales<\/h3>\r<br>El Clic del Art\u00edstica som un equip de fot\u00f2grafs apassionat de capturar moments \u00fanics i inoblidables. Ens centrem en capturar l&#039;ess\u00e8ncia i la personalitat de cada persona en les nostres imatges.<br>Heading + desc<br>no-repeat;left top;;<br>auto<br><br><h3>El Click Art\u00edstico &#8211; Creando recuerdos duraderos a trav\u00e9s de la fotograf\u00eda profesional y de calidad<\/h3>\r<br>La nostra missi\u00f3 \u00e9s crear records duradors a trav\u00e9s de la fotografia. Ens esforcem per proporcionar un professional i un servei de qualitat, i per a superar les expectatives dels nostres clients en cada sessi\u00f3 de fotos.<br>Heading + desc<br>no-repeat;left top;;<br>auto<br><br><img decoding=\"async\" title=\"Photography3 Home Pic1 - Ni\u00f1os Y Familia\" src=\"http:\/\/elclickartistico.com\/wp-content\/uploads\/2020\/12\/photography3-home-pic1.jpg\" alt=\"Photography3 Home Pic1 - Ni\u00f1os Y Familia\" \/><br>center<br><br>\t\t\t<rs-module-wrap id=\"rev_slider_error_1_wrapper\">\n\t\t\t\t<rs-module id=\"rev_slider_error_1\">\n\t\t\t\t\t<div class=\"rs_error_message_box\">\n\t\t\t\t\t\t<div class=\"rs_error_message_oops\">Oops...<\/div>\n\t\t\t\t\t\t<div class=\"rs_error_message_content\">Slider with alias alias=&quot;concept-1&quot; not found.<\/div>\n\t\t\t\t\t<\/div>\n\t\t\t\t<\/rs-module>\n\t\t\t<\/rs-module-wrap>\n\t\t\t<script>\n\t\t\t\tvar rs_eslider = document.getElementById(\"rev_slider_error_1\");\n\t\t\t\trs_eslider.style.display = \"none\";\n\t\t\t\tconsole.log(\"Slider with alias alias=&quot;concept-1&quot; not found.\");\n\t\t\t<\/script>\n<br>hide<br><br><img decoding=\"async\" title=\"Photography3 Home Pic2 - Ni\u00f1os Y Familia\" src=\"http:\/\/elclickartistico.com\/wp-content\/uploads\/2020\/12\/photography3-home-pic2.jpg\" alt=\"Photography3 Home Pic2 - Ni\u00f1os Y Familia\" \/><br>center<br><br><h3>El Click Art\u00edstico &#8211; Comprometidos con la excelencia en cada detalle de tu experiencia fotogr\u00e1fica<\/h3>\r<br>En El Clic de l&#039;Art estem molt orgullosos de la nostra aposta per l&#039;excel\u00b7l\u00e8ncia en tots els detalls. Des de la preparaci\u00f3 fins al lliurament final de les imatges, us assegureu-vos de proporcionar una experi\u00e8ncia \u00fanica per als nostres clients.<br>Heading + desc<br>no-repeat;left top;;<br>auto<br><br><h3>La creativitat i l&#039;originalitat en cada sessi\u00f3 de fotos per a crear \u00fanic visuals i memorable<\/h3>\r<br>Ens apassiona la creativitat i l&#039;originalitat en cada sessi\u00f3 de fotos. Ens encanta experimentar amb diferents estils, escenes, i els efectes per a crear imatges \u00faniques i inoblidables.<br>Heading + desc<br>no-repeat;left top;;<br>auto<br><br><img decoding=\"async\" title=\"Photography3 Home Pic3 - Ni\u00f1os Y Familia\" src=\"http:\/\/elclickartistico.com\/wp-content\/uploads\/2020\/12\/photography3-home-pic3.jpg\" alt=\"Photography3 Home Pic3 - Ni\u00f1os Y Familia\" \/><br>center<br><br><img decoding=\"async\" title=\"Photography3 Icon2 - Ni\u00f1os Y Familia\" src=\"http:\/\/elclickartistico.com\/wp-content\/uploads\/2020\/12\/photography3-icon2.png\" alt=\"Photography3 Icon2 - Ni\u00f1os Y Familia\" \/><br>center<br><br>40<br><br>date<br>ASC<br>single-photo<br><br><h2>ELS NOSTRES SERVEIS<\/h2><br>hide<br><br>\t\t\t<rs-module-wrap id=\"rev_slider_error_2_wrapper\">\n\t\t\t\t<rs-module id=\"rev_slider_error_2\">\n\t\t\t\t\t<div class=\"rs_error_message_box\">\n\t\t\t\t\t\t<div class=\"rs_error_message_oops\">Oops...<\/div>\n\t\t\t\t\t\t<div class=\"rs_error_message_content\">Slider with alias alias=&quot;content-tabs&quot; not found.<\/div>\n\t\t\t\t\t<\/div>\n\t\t\t\t<\/rs-module>\n\t\t\t<\/rs-module-wrap>\n\t\t\t<script>\n\t\t\t\tvar rs_eslider = document.getElementById(\"rev_slider_error_2\");\n\t\t\t\trs_eslider.style.display = \"none\";\n\t\t\t\tconsole.log(\"Slider with alias alias=&quot;content-tabs&quot; not found.\");\n\t\t\t<\/script>\n<br>hide<br><br>Adre\u00e7a<br>h4<br>Carrer Sant Salvador, n\u00ba8<br>fas fa-map-marker-alt<br>top<br>center<br>#000000<br>hide<br>zoomInUp<br><br>Tel\u00e8fon<br>h4<br>658 618 222<br>fas fa-mobile-alt<br>top<br>center<br>#000000<br>hide<br>zoomInUp<br><br>Hores<br>h4<br>9:30\u201313:30 \/\r<br>17:00\u201320:00<br>icon-clock<br>top<br>center<br>#000000<br>hide<br>zoomInUp<br><br><br>13<br>300<br>hide<br><br><img decoding=\"async\" title=\"Photography3 Icon3 - Ni\u00f1os Y Familia\" src=\"http:\/\/elclickartistico.com\/wp-content\/uploads\/2020\/12\/photography3-icon3.png\" alt=\"Photography3 Icon3 - Ni\u00f1os Y Familia\" \/><br>right<br><br><\/p>","protected":false},"excerpt":{"rendered":"<p>Soy Toni de El Click Artistico.Estoy enamorada de la fotograf\u00eda. Constantemente fotografiando y encontrando nuevas inspiraciones. Headingcenterno-repeat;left top;;auto center20px20pxhide fullcontaincenter centerhide NI\u00d1OS Y FAMILIA &#8211; El<span class=\"excerpt-hellip\"> [\u2026]<\/span><\/p>","protected":false},"author":1,"featured_media":0,"parent":0,"menu_order":0,"comment_status":"open","ping_status":"closed","template":"","meta":{"footnotes":""},"class_list":["post-242","page","type-page","status-publish","hentry"],"yoast_head":"<!-- This site is optimized with the Yoast SEO Premium plugin v20.5 (Yoast SEO v20.5) - https:\/\/yoast.com\/wordpress\/plugins\/seo\/ -->\n<title>Ni\u00f1os y familia - El Click Artistico<\/title>\n<meta name=\"description\" content=\"\u00a1Bienvenido a El Click Art\u00edstico! Tu estudio de fotograf\u00eda en Olessa de Montserrat. Amor, pasi\u00f3n y creatividad a tu alcance.\" \/>\n<meta name=\"robots\" content=\"index, follow, max-snippet:-1, max-image-preview:large, max-video-preview:-1\" \/>\n<link rel=\"canonical\" href=\"http:\/\/elclickartistico.com\/ca\/ninos-y-familia\/\" \/>\n<meta property=\"og:locale\" content=\"ca_ES\" \/>\n<meta property=\"og:type\" content=\"article\" \/>\n<meta property=\"og:title\" content=\"Ni\u00f1os y familia\" \/>\n<meta property=\"og:description\" content=\"\u00a1Bienvenido a El Click Art\u00edstico! Tu estudio de fotograf\u00eda en Olessa de Montserrat. Amor, pasi\u00f3n y creatividad a tu alcance.\" \/>\n<meta property=\"og:url\" content=\"http:\/\/elclickartistico.com\/ca\/ninos-y-familia\/\" \/>\n<meta property=\"og:site_name\" content=\"El Click Artistico\" \/>\n<meta property=\"article:modified_time\" content=\"2025-01-24T18:52:43+00:00\" \/>\n<meta property=\"og:image\" content=\"http:\/\/elclickartistico.com\/wp-content\/uploads\/2020\/12\/embarazo2.webp\" \/>\n<meta name=\"twitter:card\" content=\"summary_large_image\" \/>\n<meta name=\"twitter:label1\" content=\"Temps estimat de lectura\" \/>\n\t<meta name=\"twitter:data1\" content=\"5 minuts\" \/>\n<script type=\"application\/ld+json\" class=\"yoast-schema-graph\">{\"@context\":\"https:\/\/schema.org\",\"@graph\":[{\"@type\":\"WebPage\",\"@id\":\"https:\/\/elclickartistico.com\/ninos-y-familia\/\",\"url\":\"https:\/\/elclickartistico.com\/ninos-y-familia\/\",\"name\":\"Ni\u00f1os y familia - El Click Artistico\",\"isPartOf\":{\"@id\":\"https:\/\/elclickartistico.com\/#website\"},\"datePublished\":\"2023-04-06T14:18:30+00:00\",\"dateModified\":\"2025-01-24T18:52:43+00:00\",\"description\":\"\u00a1Bienvenido a El Click Art\u00edstico! Tu estudio de fotograf\u00eda en Olessa de Montserrat. Amor, pasi\u00f3n y creatividad a tu alcance.\",\"breadcrumb\":{\"@id\":\"https:\/\/elclickartistico.com\/ninos-y-familia\/#breadcrumb\"},\"inLanguage\":\"ca\",\"potentialAction\":[{\"@type\":\"ReadAction\",\"target\":[\"https:\/\/elclickartistico.com\/ninos-y-familia\/\"]}]},{\"@type\":\"BreadcrumbList\",\"@id\":\"https:\/\/elclickartistico.com\/ninos-y-familia\/#breadcrumb\",\"itemListElement\":[{\"@type\":\"ListItem\",\"position\":1,\"name\":\"Home\",\"item\":\"https:\/\/elclickartistico.com\/\"},{\"@type\":\"ListItem\",\"position\":2,\"name\":\"Ni\u00f1os y familia\"}]},{\"@type\":\"WebSite\",\"@id\":\"https:\/\/elclickartistico.com\/#website\",\"url\":\"https:\/\/elclickartistico.com\/\",\"name\":\"El Click Artistico\",\"description\":\"Tu fot\u00f3grafo de confianza\",\"publisher\":{\"@id\":\"https:\/\/elclickartistico.com\/#organization\"},\"potentialAction\":[{\"@type\":\"SearchAction\",\"target\":{\"@type\":\"EntryPoint\",\"urlTemplate\":\"https:\/\/elclickartistico.com\/?s={search_term_string}\"},\"query-input\":\"required name=search_term_string\"}],\"inLanguage\":\"ca\"},{\"@type\":\"Organization\",\"@id\":\"https:\/\/elclickartistico.com\/#organization\",\"name\":\"El Click Artistico\",\"url\":\"https:\/\/elclickartistico.com\/\",\"logo\":{\"@type\":\"ImageObject\",\"inLanguage\":\"ca\",\"@id\":\"https:\/\/elclickartistico.com\/#\/schema\/logo\/image\/\",\"url\":\"https:\/\/elclickartistico.com\/wp-content\/uploads\/2023\/04\/cropped-cropped-MARCA-BLANCA-2-1.png\",\"contentUrl\":\"https:\/\/elclickartistico.com\/wp-content\/uploads\/2023\/04\/cropped-cropped-MARCA-BLANCA-2-1.png\",\"width\":512,\"height\":235,\"caption\":\"El Click Artistico\"},\"image\":{\"@id\":\"https:\/\/elclickartistico.com\/#\/schema\/logo\/image\/\"}}]}<\/script>\n<!-- \/ Yoast SEO Premium plugin. -->","yoast_head_json":{"title":"Ni\u00f1os y familia - El Click Artistico","description":"\u00a1Bienvenido a El Click Art\u00edstico! Tu estudio de fotograf\u00eda en Olessa de Montserrat. Amor, pasi\u00f3n y creatividad a tu alcance.","robots":{"index":"index","follow":"follow","max-snippet":"max-snippet:-1","max-image-preview":"max-image-preview:large","max-video-preview":"max-video-preview:-1"},"canonical":"http:\/\/elclickartistico.com\/ca\/ninos-y-familia\/","og_locale":"ca_ES","og_type":"article","og_title":"Ni\u00f1os y familia","og_description":"\u00a1Bienvenido a El Click Art\u00edstico! Tu estudio de fotograf\u00eda en Olessa de Montserrat. Amor, pasi\u00f3n y creatividad a tu alcance.","og_url":"http:\/\/elclickartistico.com\/ca\/ninos-y-familia\/","og_site_name":"El Click Artistico","article_modified_time":"2025-01-24T18:52:43+00:00","og_image":[{"url":"http:\/\/elclickartistico.com\/wp-content\/uploads\/2020\/12\/embarazo2.webp"}],"twitter_card":"summary_large_image","twitter_misc":{"Temps estimat de lectura":"5 minuts"},"schema":{"@context":"https:\/\/schema.org","@graph":[{"@type":"WebPage","@id":"https:\/\/elclickartistico.com\/ninos-y-familia\/","url":"https:\/\/elclickartistico.com\/ninos-y-familia\/","name":"Ni\u00f1os y familia - El Click Artistico","isPartOf":{"@id":"https:\/\/elclickartistico.com\/#website"},"datePublished":"2023-04-06T14:18:30+00:00","dateModified":"2025-01-24T18:52:43+00:00","description":"\u00a1Bienvenido a El Click Art\u00edstico! Tu estudio de fotograf\u00eda en Olessa de Montserrat. Amor, pasi\u00f3n y creatividad a tu alcance.","breadcrumb":{"@id":"https:\/\/elclickartistico.com\/ninos-y-familia\/#breadcrumb"},"inLanguage":"ca","potentialAction":[{"@type":"ReadAction","target":["https:\/\/elclickartistico.com\/ninos-y-familia\/"]}]},{"@type":"BreadcrumbList","@id":"https:\/\/elclickartistico.com\/ninos-y-familia\/#breadcrumb","itemListElement":[{"@type":"ListItem","position":1,"name":"Home","item":"https:\/\/elclickartistico.com\/"},{"@type":"ListItem","position":2,"name":"Ni\u00f1os y familia"}]},{"@type":"WebSite","@id":"https:\/\/elclickartistico.com\/#website","url":"https:\/\/elclickartistico.com\/","name":"El Click Artistico","description":"Tu fot\u00f3grafo de confianza","publisher":{"@id":"https:\/\/elclickartistico.com\/#organization"},"potentialAction":[{"@type":"SearchAction","target":{"@type":"EntryPoint","urlTemplate":"https:\/\/elclickartistico.com\/?s={search_term_string}"},"query-input":"required name=search_term_string"}],"inLanguage":"ca"},{"@type":"Organization","@id":"https:\/\/elclickartistico.com\/#organization","name":"El Click Artistico","url":"https:\/\/elclickartistico.com\/","logo":{"@type":"ImageObject","inLanguage":"ca","@id":"https:\/\/elclickartistico.com\/#\/schema\/logo\/image\/","url":"https:\/\/elclickartistico.com\/wp-content\/uploads\/2023\/04\/cropped-cropped-MARCA-BLANCA-2-1.png","contentUrl":"https:\/\/elclickartistico.com\/wp-content\/uploads\/2023\/04\/cropped-cropped-MARCA-BLANCA-2-1.png","width":512,"height":235,"caption":"El Click Artistico"},"image":{"@id":"https:\/\/elclickartistico.com\/#\/schema\/logo\/image\/"}}]}},"_links":{"self":[{"href":"http:\/\/elclickartistico.com\/ca\/wp-json\/wp\/v2\/pages\/242","targetHints":{"allow":["GET"]}}],"collection":[{"href":"http:\/\/elclickartistico.com\/ca\/wp-json\/wp\/v2\/pages"}],"about":[{"href":"http:\/\/elclickartistico.com\/ca\/wp-json\/wp\/v2\/types\/page"}],"author":[{"embeddable":true,"href":"http:\/\/elclickartistico.com\/ca\/wp-json\/wp\/v2\/users\/1"}],"replies":[{"embeddable":true,"href":"http:\/\/elclickartistico.com\/ca\/wp-json\/wp\/v2\/comments?post=242"}],"version-history":[{"count":2,"href":"http:\/\/elclickartistico.com\/ca\/wp-json\/wp\/v2\/pages\/242\/revisions"}],"predecessor-version":[{"id":530,"href":"http:\/\/elclickartistico.com\/ca\/wp-json\/wp\/v2\/pages\/242\/revisions\/530"}],"wp:attachment":[{"href":"http:\/\/elclickartistico.com\/ca\/wp-json\/wp\/v2\/media?parent=242"}],"curies":[{"name":"wp","href":"https:\/\/api.w.org\/{rel}","templated":true}]}}