{"id":19,"date":"2020-12-07T13:51:06","date_gmt":"2020-12-07T13:51:06","guid":{"rendered":"http:\/\/elclickartistico.com\/?page_id=19"},"modified":"2025-01-28T17:23:01","modified_gmt":"2025-01-28T17:23:01","slug":"contact","status":"publish","type":"page","link":"https:\/\/elclickartistico.com\/ca\/contact\/","title":{"rendered":"Contacte"},"content":{"rendered":"<p><h2>\u00bfQuieres que inmortalicemos tus recuerdos?<\/h2>\r<br><hr class=\"no_line\" style=\"margin: 0 auto 0px auto\"\/>\n\r<br><h2>Cont\u00e1ctanos y te informaremos. El Click Art\u00edstico contigo.<\/h2><br>Heading<br>center<br>no-repeat;left top;;<br>auto<br><br>40<br><br><br>hide<br><br><img decoding=\"async\" title=\"Photography3 Icon3 - Contacto\" src=\"http:\/\/elclickartistico.com\/wp-content\/uploads\/2020\/12\/photography3-icon3.png\" alt=\"Photography3 Icon3 - Contacto\" \/><br>right<br><br><\/p>","protected":false},"excerpt":{"rendered":"<p>\u00bfQuieres que inmortalicemos tus recuerdos? Cont\u00e1ctanos y te informaremos. El Click Art\u00edstico contigo. Headingcenterno-repeat;left top;;auto 40 hide right<\/p>","protected":false},"author":1,"featured_media":0,"parent":0,"menu_order":0,"comment_status":"open","ping_status":"closed","template":"","meta":{"footnotes":""},"class_list":["post-19","page","type-page","status-publish","hentry"],"yoast_head":"<!-- This site is optimized with the Yoast SEO Premium plugin v20.5 (Yoast SEO v20.5) - https:\/\/yoast.com\/wordpress\/plugins\/seo\/ -->\n<title>Contacto - El Click Artistico<\/title>\n<meta name=\"description\" content=\"\u00a1Bienvenido a El Click Art\u00edstico! Tu estudio de fotograf\u00eda en Olessa de Montserrat. Amor, pasi\u00f3n y creatividad a tu alcance.\" \/>\n<meta name=\"robots\" content=\"index, follow, max-snippet:-1, max-image-preview:large, max-video-preview:-1\" \/>\n<link rel=\"canonical\" href=\"https:\/\/elclickartistico.com\/ca\/contact\/\" \/>\n<meta property=\"og:locale\" content=\"ca_ES\" \/>\n<meta property=\"og:type\" content=\"article\" \/>\n<meta property=\"og:title\" content=\"Contacto\" \/>\n<meta property=\"og:description\" content=\"\u00a1Bienvenido a El Click Art\u00edstico! Tu estudio de fotograf\u00eda en Olessa de Montserrat. Amor, pasi\u00f3n y creatividad a tu alcance.\" \/>\n<meta property=\"og:url\" content=\"https:\/\/elclickartistico.com\/ca\/contact\/\" \/>\n<meta property=\"og:site_name\" content=\"El Click Artistico\" \/>\n<meta property=\"article:modified_time\" content=\"2025-01-28T17:23:01+00:00\" \/>\n<meta property=\"og:image\" content=\"http:\/\/elclickartistico.com\/wp-content\/uploads\/2020\/12\/photography3-icon3.png\" \/>\n<meta name=\"twitter:card\" content=\"summary_large_image\" \/>\n<meta name=\"twitter:label1\" content=\"Temps estimat de lectura\" \/>\n\t<meta name=\"twitter:data1\" content=\"1 minut\" \/>\n<script type=\"application\/ld+json\" class=\"yoast-schema-graph\">{\"@context\":\"https:\/\/schema.org\",\"@graph\":[{\"@type\":\"WebPage\",\"@id\":\"https:\/\/elclickartistico.com\/contact\/\",\"url\":\"https:\/\/elclickartistico.com\/contact\/\",\"name\":\"Contacto - El Click Artistico\",\"isPartOf\":{\"@id\":\"https:\/\/elclickartistico.com\/#website\"},\"datePublished\":\"2020-12-07T13:51:06+00:00\",\"dateModified\":\"2025-01-28T17:23:01+00:00\",\"description\":\"\u00a1Bienvenido a El Click Art\u00edstico! Tu estudio de fotograf\u00eda en Olessa de Montserrat. Amor, pasi\u00f3n y creatividad a tu alcance.\",\"breadcrumb\":{\"@id\":\"https:\/\/elclickartistico.com\/contact\/#breadcrumb\"},\"inLanguage\":\"ca\",\"potentialAction\":[{\"@type\":\"ReadAction\",\"target\":[\"https:\/\/elclickartistico.com\/contact\/\"]}]},{\"@type\":\"BreadcrumbList\",\"@id\":\"https:\/\/elclickartistico.com\/contact\/#breadcrumb\",\"itemListElement\":[{\"@type\":\"ListItem\",\"position\":1,\"name\":\"Home\",\"item\":\"https:\/\/elclickartistico.com\/\"},{\"@type\":\"ListItem\",\"position\":2,\"name\":\"Contacto\"}]},{\"@type\":\"WebSite\",\"@id\":\"https:\/\/elclickartistico.com\/#website\",\"url\":\"https:\/\/elclickartistico.com\/\",\"name\":\"El Click Artistico\",\"description\":\"Tu fot\u00f3grafo de confianza\",\"publisher\":{\"@id\":\"https:\/\/elclickartistico.com\/#organization\"},\"potentialAction\":[{\"@type\":\"SearchAction\",\"target\":{\"@type\":\"EntryPoint\",\"urlTemplate\":\"https:\/\/elclickartistico.com\/?s={search_term_string}\"},\"query-input\":\"required name=search_term_string\"}],\"inLanguage\":\"ca\"},{\"@type\":\"Organization\",\"@id\":\"https:\/\/elclickartistico.com\/#organization\",\"name\":\"El Click Artistico\",\"url\":\"https:\/\/elclickartistico.com\/\",\"logo\":{\"@type\":\"ImageObject\",\"inLanguage\":\"ca\",\"@id\":\"https:\/\/elclickartistico.com\/#\/schema\/logo\/image\/\",\"url\":\"https:\/\/elclickartistico.com\/wp-content\/uploads\/2023\/04\/cropped-cropped-MARCA-BLANCA-2-1.png\",\"contentUrl\":\"https:\/\/elclickartistico.com\/wp-content\/uploads\/2023\/04\/cropped-cropped-MARCA-BLANCA-2-1.png\",\"width\":512,\"height\":235,\"caption\":\"El Click Artistico\"},\"image\":{\"@id\":\"https:\/\/elclickartistico.com\/#\/schema\/logo\/image\/\"}}]}<\/script>\n<!-- \/ Yoast SEO Premium plugin. -->","yoast_head_json":{"title":"Contacto - El Click Artistico","description":"\u00a1Bienvenido a El Click Art\u00edstico! Tu estudio de fotograf\u00eda en Olessa de Montserrat. Amor, pasi\u00f3n y creatividad a tu alcance.","robots":{"index":"index","follow":"follow","max-snippet":"max-snippet:-1","max-image-preview":"max-image-preview:large","max-video-preview":"max-video-preview:-1"},"canonical":"https:\/\/elclickartistico.com\/ca\/contact\/","og_locale":"ca_ES","og_type":"article","og_title":"Contacto","og_description":"\u00a1Bienvenido a El Click Art\u00edstico! Tu estudio de fotograf\u00eda en Olessa de Montserrat. Amor, pasi\u00f3n y creatividad a tu alcance.","og_url":"https:\/\/elclickartistico.com\/ca\/contact\/","og_site_name":"El Click Artistico","article_modified_time":"2025-01-28T17:23:01+00:00","og_image":[{"url":"http:\/\/elclickartistico.com\/wp-content\/uploads\/2020\/12\/photography3-icon3.png"}],"twitter_card":"summary_large_image","twitter_misc":{"Temps estimat de lectura":"1 minut"},"schema":{"@context":"https:\/\/schema.org","@graph":[{"@type":"WebPage","@id":"https:\/\/elclickartistico.com\/contact\/","url":"https:\/\/elclickartistico.com\/contact\/","name":"Contacto - El Click Artistico","isPartOf":{"@id":"https:\/\/elclickartistico.com\/#website"},"datePublished":"2020-12-07T13:51:06+00:00","dateModified":"2025-01-28T17:23:01+00:00","description":"\u00a1Bienvenido a El Click Art\u00edstico! Tu estudio de fotograf\u00eda en Olessa de Montserrat. Amor, pasi\u00f3n y creatividad a tu alcance.","breadcrumb":{"@id":"https:\/\/elclickartistico.com\/contact\/#breadcrumb"},"inLanguage":"ca","potentialAction":[{"@type":"ReadAction","target":["https:\/\/elclickartistico.com\/contact\/"]}]},{"@type":"BreadcrumbList","@id":"https:\/\/elclickartistico.com\/contact\/#breadcrumb","itemListElement":[{"@type":"ListItem","position":1,"name":"Home","item":"https:\/\/elclickartistico.com\/"},{"@type":"ListItem","position":2,"name":"Contacto"}]},{"@type":"WebSite","@id":"https:\/\/elclickartistico.com\/#website","url":"https:\/\/elclickartistico.com\/","name":"El Click Artistico","description":"Tu fot\u00f3grafo de confianza","publisher":{"@id":"https:\/\/elclickartistico.com\/#organization"},"potentialAction":[{"@type":"SearchAction","target":{"@type":"EntryPoint","urlTemplate":"https:\/\/elclickartistico.com\/?s={search_term_string}"},"query-input":"required name=search_term_string"}],"inLanguage":"ca"},{"@type":"Organization","@id":"https:\/\/elclickartistico.com\/#organization","name":"El Click Artistico","url":"https:\/\/elclickartistico.com\/","logo":{"@type":"ImageObject","inLanguage":"ca","@id":"https:\/\/elclickartistico.com\/#\/schema\/logo\/image\/","url":"https:\/\/elclickartistico.com\/wp-content\/uploads\/2023\/04\/cropped-cropped-MARCA-BLANCA-2-1.png","contentUrl":"https:\/\/elclickartistico.com\/wp-content\/uploads\/2023\/04\/cropped-cropped-MARCA-BLANCA-2-1.png","width":512,"height":235,"caption":"El Click Artistico"},"image":{"@id":"https:\/\/elclickartistico.com\/#\/schema\/logo\/image\/"}}]}},"_links":{"self":[{"href":"https:\/\/elclickartistico.com\/ca\/wp-json\/wp\/v2\/pages\/19","targetHints":{"allow":["GET"]}}],"collection":[{"href":"https:\/\/elclickartistico.com\/ca\/wp-json\/wp\/v2\/pages"}],"about":[{"href":"https:\/\/elclickartistico.com\/ca\/wp-json\/wp\/v2\/types\/page"}],"author":[{"embeddable":true,"href":"https:\/\/elclickartistico.com\/ca\/wp-json\/wp\/v2\/users\/1"}],"replies":[{"embeddable":true,"href":"https:\/\/elclickartistico.com\/ca\/wp-json\/wp\/v2\/comments?post=19"}],"version-history":[{"count":2,"href":"https:\/\/elclickartistico.com\/ca\/wp-json\/wp\/v2\/pages\/19\/revisions"}],"predecessor-version":[{"id":553,"href":"https:\/\/elclickartistico.com\/ca\/wp-json\/wp\/v2\/pages\/19\/revisions\/553"}],"wp:attachment":[{"href":"https:\/\/elclickartistico.com\/ca\/wp-json\/wp\/v2\/media?parent=19"}],"curies":[{"name":"wp","href":"https:\/\/api.w.org\/{rel}","templated":true}]}}